{"id":6,"date":"2015-06-15T14:06:16","date_gmt":"2015-06-15T12:06:16","guid":{"rendered":"http:\/\/musikhof.web05deb730.alpha-webservice.com\/?page_id=6"},"modified":"2025-08-07T16:06:54","modified_gmt":"2025-08-07T14:06:54","slug":"zweite-seite","status":"publish","type":"page","link":"https:\/\/www.musikhof.de\/?page_id=6","title":{"rendered":"Impressum-Kontakt"},"content":{"rendered":"<p><a href=\"http:\/\/musikhof.de\/wp-content\/uploads\/2017\/01\/DerServicef\u00fcrMusiker-klein.jpg\"><img loading=\"lazy\" decoding=\"async\" class=\"alignnone size-large wp-image-88\" src=\"http:\/\/musikhof.de\/wp-content\/uploads\/2017\/01\/DerServicef\u00fcrMusiker-klein-1024x535.jpg\" alt=\"derservicefuermusiker-klein\" width=\"660\" height=\"345\" srcset=\"https:\/\/www.musikhof.de\/wp-content\/uploads\/2017\/01\/DerServicef\u00fcrMusiker-klein-1024x535.jpg 1024w, https:\/\/www.musikhof.de\/wp-content\/uploads\/2017\/01\/DerServicef\u00fcrMusiker-klein-300x157.jpg 300w, https:\/\/www.musikhof.de\/wp-content\/uploads\/2017\/01\/DerServicef\u00fcrMusiker-klein-500x261.jpg 500w, https:\/\/www.musikhof.de\/wp-content\/uploads\/2017\/01\/DerServicef\u00fcrMusiker-klein-700x366.jpg 700w, https:\/\/www.musikhof.de\/wp-content\/uploads\/2017\/01\/DerServicef\u00fcrMusiker-klein-332x174.jpg 332w, https:\/\/www.musikhof.de\/wp-content\/uploads\/2017\/01\/DerServicef\u00fcrMusiker-klein.jpg 1417w\" sizes=\"auto, (max-width: 660px) 100vw, 660px\" \/><\/a><\/p>\n<p>Musik Elektronik Behr GmbH<br \/>\n\u00d6tterichweg 7<br \/>\n90411 N\u00fcrnberg<br \/>\nTelefon:\u00a0 0911\/559152<br \/>\nE-Mail:\u00a0 info(at)musikhof.de<\/p>\n<p><a href=\"http:\/\/musikhof.de\/wp-content\/uploads\/2015\/06\/ME_Oetterichweg_Tel_www.png\"><img loading=\"lazy\" decoding=\"async\" class=\"alignnone size-full wp-image-67\" src=\"http:\/\/musikhof.de\/wp-content\/uploads\/2015\/06\/ME_Oetterichweg_Tel_www.png\" alt=\"ME_Oetterichweg_Tel_www\" width=\"145\" height=\"145\" \/><\/a><\/p>\n<h1><span style=\"color: #000000;\"> \u00d6ffnungszeiten:<\/span><\/h1>\n<h3><span style=\"color: #ff6600;\">\u00a0<\/span><span style=\"color: #ff6600;\"> Betriebsurlaub vom 25. August bis zum 5. September 2025<br \/>\n<strong>\u00a0\u00a0\u00a0\u00a0\u00a0\u00a0\u00a0 (die letzte August- und erste Septemberwoche)<\/strong><br \/>\n<\/span><\/h3>\n<h3>Montag &#8211; Freitag\u00a0\u00a0\u00a0 9.00 &#8211; 14.00 Uhr &#8230;<\/h3>\n<h4>&#8230; und nach telefonischer Vereinbarung<\/h4>\n<p><strong>\u00a0<\/strong><\/p>\n<p>Sitz der Gesellschaft: Egloffstein<br \/>\nGesch\u00e4ftsf\u00fchrer: Martin Behr<br \/>\neingetragen im Handelsregister Bamberg: HRB 5648<br \/>\nSteuernummer: 216\/132\/90157<\/p>\n<p>Hier finden Sie uns bei GOOGLE Maps:<\/p>\n<p><iframe loading=\"lazy\" style=\"border: 0;\" src=\"https:\/\/www.google.com\/maps\/embed?pb=!1m18!1m12!1m3!1d2592.2984055622956!2d11.114441315961264!3d49.47886997935311!2m3!1f0!2f0!3f0!3m2!1i1024!2i768!4f13.1!3m3!1m2!1s0x479f57fc9bdae789%3A0x80883a3ce3653c1d!2s%C3%96tterichweg+7%2C+90411+N%C3%BCrnberg!5e0!3m2!1sde!2sde!4v1445894865835\" width=\"600\" height=\"450\" frameborder=\"0\" allowfullscreen=\"allowfullscreen\"><\/iframe><\/p>\n","protected":false},"excerpt":{"rendered":"<p>Musik Elektronik Behr GmbH \u00d6tterichweg 7 90411 N\u00fcrnberg Telefon:\u00a0 0911\/559152 E-Mail:\u00a0 info(at)musikhof.de \u00d6ffnungszeiten: \u00a0 Betriebsurlaub vom 25. August bis zum 5. September 2025 \u00a0\u00a0\u00a0\u00a0\u00a0\u00a0\u00a0 (die letzte August- und erste Septemberwoche) Montag &#8211; Freitag\u00a0\u00a0\u00a0 9.00 &#8211; 14.00 Uhr &#8230; &#8230; und nach telefonischer Vereinbarung \u00a0 Sitz der Gesellschaft: Egloffstein Gesch\u00e4ftsf\u00fchrer: Martin &#8230;<\/p>\n","protected":false},"author":1,"featured_media":0,"parent":0,"menu_order":10,"comment_status":"closed","ping_status":"closed","template":"","meta":{"footnotes":""},"class_list":["post-6","page","type-page","status-publish","hentry","column","threecol"],"yoast_head":"<!-- This site is optimized with the Yoast SEO plugin v27.6 - https:\/\/yoast.com\/product\/yoast-seo-wordpress\/ -->\n<title>Impressum-Kontakt - Musik Elektronik Werkstatt in N\u00fcrnberg<\/title>\n<meta name=\"robots\" content=\"index, follow, max-snippet:-1, max-image-preview:large, max-video-preview:-1\" \/>\n<link rel=\"canonical\" href=\"https:\/\/www.musikhof.de\/?page_id=6\" \/>\n<meta property=\"og:locale\" content=\"de_DE\" \/>\n<meta property=\"og:type\" content=\"article\" \/>\n<meta property=\"og:title\" content=\"Impressum-Kontakt - Musik Elektronik Werkstatt in N\u00fcrnberg\" \/>\n<meta property=\"og:description\" content=\"Musik Elektronik Behr GmbH \u00d6tterichweg 7 90411 N\u00fcrnberg Telefon:\u00a0 0911\/559152 E-Mail:\u00a0 info(at)musikhof.de \u00d6ffnungszeiten: \u00a0 Betriebsurlaub vom 25. August bis zum 5. September &#8230;\" \/>\n<meta property=\"og:url\" content=\"https:\/\/www.musikhof.de\/?page_id=6\" \/>\n<meta property=\"og:site_name\" content=\"Musik Elektronik Werkstatt in N\u00fcrnberg\" \/>\n<meta property=\"article:modified_time\" content=\"2025-08-07T14:06:54+00:00\" \/>\n<meta property=\"og:image\" content=\"http:\/\/musikhof.de\/wp-content\/uploads\/2015\/06\/ME_Oetterichweg_Tel_www.png\" \/>\n<meta name=\"twitter:card\" content=\"summary_large_image\" \/>\n<meta name=\"twitter:label1\" content=\"Gesch\u00e4tzte Lesezeit\" \/>\n\t<meta name=\"twitter:data1\" content=\"1\u00a0Minute\" \/>\n<script type=\"application\/ld+json\" class=\"yoast-schema-graph\">{\"@context\":\"https:\\\/\\\/schema.org\",\"@graph\":[{\"@type\":\"WebPage\",\"@id\":\"https:\\\/\\\/www.musikhof.de\\\/?page_id=6\",\"url\":\"https:\\\/\\\/www.musikhof.de\\\/?page_id=6\",\"name\":\"Impressum-Kontakt - Musik Elektronik Werkstatt in N\u00fcrnberg\",\"isPartOf\":{\"@id\":\"https:\\\/\\\/www.musikhof.de\\\/#website\"},\"primaryImageOfPage\":{\"@id\":\"https:\\\/\\\/www.musikhof.de\\\/?page_id=6#primaryimage\"},\"image\":{\"@id\":\"https:\\\/\\\/www.musikhof.de\\\/?page_id=6#primaryimage\"},\"thumbnailUrl\":\"http:\\\/\\\/musikhof.de\\\/wp-content\\\/uploads\\\/2015\\\/06\\\/ME_Oetterichweg_Tel_www.png\",\"datePublished\":\"2015-06-15T12:06:16+00:00\",\"dateModified\":\"2025-08-07T14:06:54+00:00\",\"breadcrumb\":{\"@id\":\"https:\\\/\\\/www.musikhof.de\\\/?page_id=6#breadcrumb\"},\"inLanguage\":\"de\",\"potentialAction\":[{\"@type\":\"ReadAction\",\"target\":[\"https:\\\/\\\/www.musikhof.de\\\/?page_id=6\"]}]},{\"@type\":\"ImageObject\",\"inLanguage\":\"de\",\"@id\":\"https:\\\/\\\/www.musikhof.de\\\/?page_id=6#primaryimage\",\"url\":\"http:\\\/\\\/musikhof.de\\\/wp-content\\\/uploads\\\/2015\\\/06\\\/ME_Oetterichweg_Tel_www.png\",\"contentUrl\":\"http:\\\/\\\/musikhof.de\\\/wp-content\\\/uploads\\\/2015\\\/06\\\/ME_Oetterichweg_Tel_www.png\"},{\"@type\":\"BreadcrumbList\",\"@id\":\"https:\\\/\\\/www.musikhof.de\\\/?page_id=6#breadcrumb\",\"itemListElement\":[{\"@type\":\"ListItem\",\"position\":1,\"name\":\"Home\",\"item\":\"https:\\\/\\\/www.musikhof.de\\\/\"},{\"@type\":\"ListItem\",\"position\":2,\"name\":\"Impressum-Kontakt\"}]},{\"@type\":\"WebSite\",\"@id\":\"https:\\\/\\\/www.musikhof.de\\\/#website\",\"url\":\"https:\\\/\\\/www.musikhof.de\\\/\",\"name\":\"Musik Elektronik Werkstatt in N\u00fcrnberg\",\"description\":\"Wir reparieren das........\",\"potentialAction\":[{\"@type\":\"SearchAction\",\"target\":{\"@type\":\"EntryPoint\",\"urlTemplate\":\"https:\\\/\\\/www.musikhof.de\\\/?s={search_term_string}\"},\"query-input\":{\"@type\":\"PropertyValueSpecification\",\"valueRequired\":true,\"valueName\":\"search_term_string\"}}],\"inLanguage\":\"de\"}]}<\/script>\n<!-- \/ Yoast SEO plugin. -->","yoast_head_json":{"title":"Impressum-Kontakt - Musik Elektronik Werkstatt in N\u00fcrnberg","robots":{"index":"index","follow":"follow","max-snippet":"max-snippet:-1","max-image-preview":"max-image-preview:large","max-video-preview":"max-video-preview:-1"},"canonical":"https:\/\/www.musikhof.de\/?page_id=6","og_locale":"de_DE","og_type":"article","og_title":"Impressum-Kontakt - Musik Elektronik Werkstatt in N\u00fcrnberg","og_description":"Musik Elektronik Behr GmbH \u00d6tterichweg 7 90411 N\u00fcrnberg Telefon:\u00a0 0911\/559152 E-Mail:\u00a0 info(at)musikhof.de \u00d6ffnungszeiten: \u00a0 Betriebsurlaub vom 25. August bis zum 5. September &#8230;","og_url":"https:\/\/www.musikhof.de\/?page_id=6","og_site_name":"Musik Elektronik Werkstatt in N\u00fcrnberg","article_modified_time":"2025-08-07T14:06:54+00:00","og_image":[{"url":"http:\/\/musikhof.de\/wp-content\/uploads\/2015\/06\/ME_Oetterichweg_Tel_www.png","type":"","width":"","height":""}],"twitter_card":"summary_large_image","twitter_misc":{"Gesch\u00e4tzte Lesezeit":"1\u00a0Minute"},"schema":{"@context":"https:\/\/schema.org","@graph":[{"@type":"WebPage","@id":"https:\/\/www.musikhof.de\/?page_id=6","url":"https:\/\/www.musikhof.de\/?page_id=6","name":"Impressum-Kontakt - Musik Elektronik Werkstatt in N\u00fcrnberg","isPartOf":{"@id":"https:\/\/www.musikhof.de\/#website"},"primaryImageOfPage":{"@id":"https:\/\/www.musikhof.de\/?page_id=6#primaryimage"},"image":{"@id":"https:\/\/www.musikhof.de\/?page_id=6#primaryimage"},"thumbnailUrl":"http:\/\/musikhof.de\/wp-content\/uploads\/2015\/06\/ME_Oetterichweg_Tel_www.png","datePublished":"2015-06-15T12:06:16+00:00","dateModified":"2025-08-07T14:06:54+00:00","breadcrumb":{"@id":"https:\/\/www.musikhof.de\/?page_id=6#breadcrumb"},"inLanguage":"de","potentialAction":[{"@type":"ReadAction","target":["https:\/\/www.musikhof.de\/?page_id=6"]}]},{"@type":"ImageObject","inLanguage":"de","@id":"https:\/\/www.musikhof.de\/?page_id=6#primaryimage","url":"http:\/\/musikhof.de\/wp-content\/uploads\/2015\/06\/ME_Oetterichweg_Tel_www.png","contentUrl":"http:\/\/musikhof.de\/wp-content\/uploads\/2015\/06\/ME_Oetterichweg_Tel_www.png"},{"@type":"BreadcrumbList","@id":"https:\/\/www.musikhof.de\/?page_id=6#breadcrumb","itemListElement":[{"@type":"ListItem","position":1,"name":"Home","item":"https:\/\/www.musikhof.de\/"},{"@type":"ListItem","position":2,"name":"Impressum-Kontakt"}]},{"@type":"WebSite","@id":"https:\/\/www.musikhof.de\/#website","url":"https:\/\/www.musikhof.de\/","name":"Musik Elektronik Werkstatt in N\u00fcrnberg","description":"Wir reparieren das........","potentialAction":[{"@type":"SearchAction","target":{"@type":"EntryPoint","urlTemplate":"https:\/\/www.musikhof.de\/?s={search_term_string}"},"query-input":{"@type":"PropertyValueSpecification","valueRequired":true,"valueName":"search_term_string"}}],"inLanguage":"de"}]}},"_links":{"self":[{"href":"https:\/\/www.musikhof.de\/index.php?rest_route=\/wp\/v2\/pages\/6","targetHints":{"allow":["GET"]}}],"collection":[{"href":"https:\/\/www.musikhof.de\/index.php?rest_route=\/wp\/v2\/pages"}],"about":[{"href":"https:\/\/www.musikhof.de\/index.php?rest_route=\/wp\/v2\/types\/page"}],"author":[{"embeddable":true,"href":"https:\/\/www.musikhof.de\/index.php?rest_route=\/wp\/v2\/users\/1"}],"replies":[{"embeddable":true,"href":"https:\/\/www.musikhof.de\/index.php?rest_route=%2Fwp%2Fv2%2Fcomments&post=6"}],"version-history":[{"count":29,"href":"https:\/\/www.musikhof.de\/index.php?rest_route=\/wp\/v2\/pages\/6\/revisions"}],"predecessor-version":[{"id":193,"href":"https:\/\/www.musikhof.de\/index.php?rest_route=\/wp\/v2\/pages\/6\/revisions\/193"}],"wp:attachment":[{"href":"https:\/\/www.musikhof.de\/index.php?rest_route=%2Fwp%2Fv2%2Fmedia&parent=6"}],"curies":[{"name":"wp","href":"https:\/\/api.w.org\/{rel}","templated":true}]}}