{"id":119,"date":"2020-03-23T13:30:36","date_gmt":"2020-03-23T12:30:36","guid":{"rendered":"https:\/\/musikhof.de\/?page_id=119"},"modified":"2022-01-10T16:16:08","modified_gmt":"2022-01-10T15:16:08","slug":"datenschutz","status":"publish","type":"page","link":"https:\/\/www.musikhof.de\/?page_id=119","title":{"rendered":"Datenschutz"},"content":{"rendered":"\n<h2 class=\"wp-block-heading\"><strong>Impressum \/ Datenschutzerkl\u00e4rung<\/strong><\/h2>\n\n\n\n<p><\/p>\n\n\n\n<p><strong>1. Name und Kontaktdaten des f\u00fcr die Verarbeitung\nVerantwortlichen sowie des betrieblichen Datenschutzbeauftragten<\/strong><\/p>\n\n\n\n<p>Diese\nDatenschutz-Information gilt f\u00fcr die Datenverarbeitung durch:<\/p>\n\n\n\n<p>Verantwortlicher:\nMusik Elektronik Behr GmbH, Egilolfstra\u00dfe 220, &nbsp;91349 Egloffstein,\nDeutschland, Email: info (at) musikhof.de, Telefon: +49 (0)911 \u2013 559152.<\/p>\n\n\n\n<ol class=\"wp-block-list\"><li>Erhebung und Speicherung\n     personenbezogener Daten sowie Art und Zweck von deren Verwendung<\/li><\/ol>\n\n\n\n<p><strong>a) Beim Besuch der Website<\/strong><\/p>\n\n\n\n<p>Beim\nAufrufen unserer Website <a href=\"https:\/\/www.musikhof.de\/\">www.musikhof.de<\/a> werden durch den\nauf Ihrem Endger\u00e4t zum Einsatz kommenden Browser automatisch Informationen an\nden Server unserer Website gesendet. Diese Informationen werden tempor\u00e4r in\neinem sog. Logfile gespeichert. Folgende Informationen werden dabei ohne Ihr\nZutun erfasst und bis zur automatisierten L\u00f6schung gespeichert:<\/p>\n\n\n\n<ul class=\"wp-block-list\"><li>IP-Adresse des anfragenden\n     Rechners,<\/li><li>Datum und Uhrzeit des Zugriffs,<\/li><li>Name und URL der abgerufenen\n     Datei,<\/li><li>Website, von der aus der\n     Zugriff erfolgt (Referrer-URL),<\/li><li>verwendeter Browser und ggf.\n     das Betriebssystem Ihres Rechners sowie der Name Ihres Access-Providers.<\/li><\/ul>\n\n\n\n<p>Die\ngenannten Daten werden durch uns zu folgenden Zwecken verarbeitet:<\/p>\n\n\n\n<ul class=\"wp-block-list\"><li>Gew\u00e4hrleistung eines\n     reibungslosen Verbindungsaufbaus der Website,<\/li><li>Gew\u00e4hrleistung einer\n     komfortablen Nutzung unserer Website,<\/li><li>Auswertung der Systemsicherheit\n     und -stabilit\u00e4t sowie<\/li><li>zu weiteren administrativen Zwecken.<\/li><\/ul>\n\n\n\n<p>Die\nRechtsgrundlage f\u00fcr die Datenverarbeitung ist Art. 6 Abs. 1 S. 1 lit. f DSGVO.<\/p>\n\n\n\n<p>Unser\nberechtigtes Interesse folgt aus oben aufgelisteten Zwecken zur Datenerhebung.\nIn keinem Fall verwenden wir die erhobenen Daten zu dem Zweck, R\u00fcckschl\u00fcsse auf\nIhre Person zu ziehen. Dar\u00fcber hinaus setzen wir beim Besuch unserer Website\nCookies sowie Analysedienste ein. N\u00e4here Erl\u00e4uterungen dazu erhalten Sie unter\nden Ziff. 4 und 5 dieser Datenschutzerkl\u00e4rung.<\/p>\n\n\n\n<p><strong>3. Weitergabe von Daten<\/strong><\/p>\n\n\n\n<p>Eine\n\u00dcbermittlung Ihrer pers\u00f6nlichen Daten an Dritte zu anderen als den im Folgenden\naufgef\u00fchrten Zwecken findet nicht statt. Wir geben Ihre pers\u00f6nlichen Daten nur\nan Dritte weiter, wenn:<\/p>\n\n\n\n<ul class=\"wp-block-list\"><li>Sie Ihre nach Art. 6 Abs. 1 S.\n     1 lit. a DSGVO ausdr\u00fcckliche Einwilligung dazu erteilt haben,<\/li><li>f\u00fcr den Fall, dass f\u00fcr die\n     Weitergabe nach Art. 6 Abs. 1 S. 1 lit. c DSGVO eine gesetzliche\n     Verpflichtung besteht, sowie<\/li><li>dies gesetzlich zul\u00e4ssig und\n     nach Art. 6 Abs. 1 S. 1 lit. b DSGVO f\u00fcr die Abwicklung von\n     Vertragsverh\u00e4ltnissen mit Ihnen erforderlich ist.<\/li><\/ul>\n\n\n\n<p><strong>4. Cookies<\/strong><\/p>\n\n\n\n<p>Wir setzen\nauf unserer Seite Cookies ein. Hierbei handelt es sich um kleine Dateien, die\nIhr Browser automatisch erstellt und die auf Ihrem Endger\u00e4t (PC, Laptop,\nTablet, Smartphone o.\u00e4.) gespeichert werden, wenn Sie unsere Seite besuchen.\nCookies richten auf Ihrem Endger\u00e4t keinen Schaden an, enthalten keine Viren,\nTrojaner oder sonstige Schadsoftware.<\/p>\n\n\n\n<p>In dem\nCookie werden Informationen abgelegt, die sich jeweils im Zusammenhang mit dem\nspezifisch eingesetzten Endger\u00e4t ergeben. Dies bedeutet jedoch nicht, dass wir\ndadurch unmittelbar Kenntnis von Ihrer Identit\u00e4t erhalten.<\/p>\n\n\n\n<p>Der Einsatz\nvon Cookies dient einerseits dazu, die Nutzung unseres Angebots f\u00fcr Sie\nangenehmer zu gestalten. So setzen wir sogenannte Session-Cookies ein, um zu\nerkennen, dass Sie einzelne Seiten unserer Website bereits besucht haben. Diese\nwerden nach Verlassen unserer Seite automatisch gel\u00f6scht.<\/p>\n\n\n\n<p>Zum anderen\nsetzten wir Cookies ein, um die Nutzung unserer Website statistisch zu erfassen\nund zum Zwecke der Optimierung unseres Angebotes f\u00fcr Sie auszuwerten (siehe\nZiff. 5). Diese Cookies erm\u00f6glichen es uns, bei einem erneuten Besuch unserer\nSeite automatisch zu erkennen, dass Sie bereits bei uns waren. Diese Cookies\nwerden nach einer jeweils definierten Zeit automatisch gel\u00f6scht.<\/p>\n\n\n\n<p>Die durch\nCookies verarbeiteten Daten sind f\u00fcr die genannten Zwecke zur Wahrung unserer\nberechtigten Interessen sowie der Dritter nach Art. 6 Abs. 1 S. 1 lit. f DSGVO\nerforderlich.<\/p>\n\n\n\n<p>Die meisten\nBrowser akzeptieren Cookies automatisch. Sie k\u00f6nnen Ihren Browser jedoch so\nkonfigurieren, dass keine Cookies auf Ihrem Computer gespeichert werden oder\nstets ein Hinweis erscheint, bevor ein neuer Cookie angelegt wird. Die\nvollst\u00e4ndige Deaktivierung von Cookies kann jedoch dazu f\u00fchren, dass Sie nicht\nalle Funktionen unserer Website nutzen k\u00f6nnen.<\/p>\n\n\n\n<p><strong>5. Betroffenenrechte <\/strong><\/p>\n\n\n\n<p>Sie haben\ndas Recht:<\/p>\n\n\n\n<ul class=\"wp-block-list\"><li>gem\u00e4\u00df Art. 15 DSGVO Auskunft\n     \u00fcber Ihre von uns verarbeiteten personenbezogenen Daten zu verlangen.\n     Insbesondere k\u00f6nnen Sie Auskunft \u00fcber die Verarbeitungszwecke, die\n     Kategorie der personenbezogenen Daten, die Kategorien von Empf\u00e4ngern,\n     gegen\u00fcber denen Ihre Daten offengelegt wurden oder werden, die geplante\n     Speicherdauer, das Bestehen eines Rechts auf Berichtigung, L\u00f6schung,\n     Einschr\u00e4nkung der Verarbeitung oder Widerspruch, das Bestehen eines\n     Beschwerderechts, die Herkunft ihrer Daten, sofern diese nicht bei uns\n     erhoben wurden, sowie \u00fcber das Bestehen einer automatisierten\n     Entscheidungsfindung einschlie\u00dflich Profiling und ggf. aussagekr\u00e4ftigen\n     Informationen zu deren Einzelheiten verlangen;<\/li><li>gem\u00e4\u00df Art. 16 DSGVO\n     unverz\u00fcglich die Berichtigung unrichtiger oder Vervollst\u00e4ndigung Ihrer bei\n     uns gespeicherten personenbezogenen Daten zu verlangen;<\/li><li>gem\u00e4\u00df Art. 17 DSGVO die\n     L\u00f6schung Ihrer bei uns gespeicherten personenbezogenen Daten zu verlangen,\n     soweit nicht die Verarbeitung zur Aus\u00fcbung des Rechts auf freie\n     Meinungs\u00e4u\u00dferung und Information, zur Erf\u00fcllung einer rechtlichen\n     Verpflichtung, aus Gr\u00fcnden des \u00f6ffentlichen Interesses oder zur\n     Geltendmachung, Aus\u00fcbung oder Verteidigung von Rechtsanspr\u00fcchen erforderlich\n     ist;<\/li><li>gem\u00e4\u00df Art. 18 DSGVO die\n     Einschr\u00e4nkung der Verarbeitung Ihrer personenbezogenen Daten zu verlangen,\n     soweit die Richtigkeit der Daten von Ihnen bestritten wird, die\n     Verarbeitung unrechtm\u00e4\u00dfig ist, Sie aber deren L\u00f6schung ablehnen und wir\n     die Daten nicht mehr ben\u00f6tigen, Sie jedoch diese zur Geltendmachung,\n     Aus\u00fcbung oder Verteidigung von Rechtsanspr\u00fcchen ben\u00f6tigen oder Sie gem\u00e4\u00df\n     Art. 21 DSGVO Widerspruch gegen die Verarbeitung eingelegt haben;<\/li><li>gem\u00e4\u00df Art. 20 DSGVO Ihre\n     personenbezogenen Daten, die Sie uns bereitgestellt haben, in einem\n     strukturierten, g\u00e4ngigen und maschinenlesebaren Format zu erhalten oder\n     die \u00dcbermittlung an einen anderen Verantwortlichen zu verlangen;<\/li><li>gem\u00e4\u00df Art. 77 DSGVO sich bei\n     einer Aufsichtsbeh\u00f6rde zu beschweren. In der Regel k\u00f6nnen Sie sich hierf\u00fcr\n     an die Aufsichtsbeh\u00f6rde Ihres \u00fcblichen Aufenthaltsortes oder\n     Arbeitsplatzes oder unter unserer o.g. Anschrift<\/li><\/ul>\n\n\n\n<p><strong>6. Widerspruchsrecht<\/strong><\/p>\n\n\n\n<p>Sofern Ihre\npersonenbezogenen Daten auf Grundlage von berechtigten Interessen gem\u00e4\u00df Art. 6\nAbs. 1 S. 1 lit. f DSGVO verarbeitet werden, haben Sie das Recht, gem\u00e4\u00df Art. 21\nDSGVO Widerspruch gegen die Verarbeitung Ihrer personenbezogenen Daten\neinzulegen, soweit daf\u00fcr Gr\u00fcnde vorliegen, die sich aus Ihrer besonderen\nSituation ergeben oder sich der Widerspruch gegen Direktwerbung richtet. Im\nletzteren Fall haben Sie ein generelles Widerspruchsrecht, das ohne Angabe\neiner besonderen Situation von uns umgesetzt wird. M\u00f6chten Sie von Ihrem\nWiderrufs- oder Widerspruchsrecht Gebrauch machen, gen\u00fcgt eine E-Mail an <a href=\"mailto:info@musikhof.de\">info@musikhof.de<\/a><\/p>\n\n\n\n<p><strong>7. Datensicherheit<\/strong><\/p>\n\n\n\n<p>Wir\nverwenden innerhalb des Website-Besuchs das verbreitete SSL-Verfahren (Secure\nSocket Layer) in Verbindung mit der jeweils h\u00f6chsten Verschl\u00fcsselungsstufe, die\nvon Ihrem Browser unterst\u00fctzt wird. In der Regel handelt es sich dabei um eine\n256 Bit Verschl\u00fcsselung. Falls Ihr Browser keine 256-Bit Verschl\u00fcsselung\nunterst\u00fctzt, greifen wir stattdessen auf 128-Bit v3 Technologie zur\u00fcck. Ob eine\neinzelne Seite unseres Internetauftrittes verschl\u00fcsselt \u00fcbertragen wird,\nerkennen Sie an der geschlossenen Darstellung des Sch\u00fcssel- beziehungsweise\nSchloss-Symbols in der unteren Statusleiste Ihres Browsers. Wir bedienen uns im\n\u00dcbrigen geeigneter technischer und organisatorischer Sicherheitsma\u00dfnahmen, um\nIhre Daten gegen zuf\u00e4llige oder vors\u00e4tzliche Manipulationen, teilweisen oder\nvollst\u00e4ndigen Verlust, Zerst\u00f6rung oder gegen den unbefugten Zugriff Dritter zu\nsch\u00fctzen. Unsere Sicherheitsma\u00dfnahmen werden entsprechend der technologischen\nEntwicklung fortlaufend verbessert.<\/p>\n\n\n\n<p><strong>8. Aktualit\u00e4t und \u00c4nderung dieser Datenschutzerkl\u00e4rung<\/strong> Diese Datenschutzerkl\u00e4rung ist aktuell g\u00fcltig und hat den Stand Januar 2022. Durch die Weiterentwicklung unserer Website und Angebote dar\u00fcber oder aufgrund ge\u00e4nderter gesetzlicher beziehungsweise beh\u00f6rdlicher Vorgaben kann es notwendig werden, diese Datenschutzerkl\u00e4rung zu \u00e4ndern. Die jeweils aktuelle Version kann \u00fcber diesen Link:  <a href=\"https:\/\/musikhof.de\/wp-content\/uploads\/2020\/03\/Datenschutzerklaerung_ME_akt.pdf\">Datenschutzerkl\u00e4rung<\/a> heruntergeladen und ausgedruckt werden. <\/p>\n","protected":false},"excerpt":{"rendered":"<p>Impressum \/ Datenschutzerkl\u00e4rung 1. Name und Kontaktdaten des f\u00fcr die Verarbeitung Verantwortlichen sowie des betrieblichen Datenschutzbeauftragten Diese Datenschutz-Information gilt f\u00fcr die Datenverarbeitung durch: Verantwortlicher: Musik Elektronik Behr GmbH, Egilolfstra\u00dfe 220, &nbsp;91349 Egloffstein, Deutschland, Email: info (at) musikhof.de, Telefon: +49 (0)911 \u2013 559152. Erhebung und Speicherung personenbezogener Daten sowie Art und &#8230;<\/p>\n","protected":false},"author":1,"featured_media":0,"parent":0,"menu_order":30,"comment_status":"closed","ping_status":"closed","template":"","meta":{"footnotes":""},"class_list":["post-119","page","type-page","status-publish","hentry","column","threecol"],"yoast_head":"<!-- This site is optimized with the Yoast SEO plugin v27.3 - https:\/\/yoast.com\/product\/yoast-seo-wordpress\/ -->\n<title>Datenschutz - Musik Elektronik Werkstatt in N\u00fcrnberg<\/title>\n<meta name=\"robots\" content=\"index, follow, max-snippet:-1, max-image-preview:large, max-video-preview:-1\" \/>\n<link rel=\"canonical\" href=\"https:\/\/www.musikhof.de\/?page_id=119\" \/>\n<meta property=\"og:locale\" content=\"de_DE\" \/>\n<meta property=\"og:type\" content=\"article\" \/>\n<meta property=\"og:title\" content=\"Datenschutz - Musik Elektronik Werkstatt in N\u00fcrnberg\" \/>\n<meta property=\"og:description\" content=\"Impressum \/ Datenschutzerkl\u00e4rung 1. Name und Kontaktdaten des f\u00fcr die Verarbeitung Verantwortlichen sowie des betrieblichen Datenschutzbeauftragten Diese Datenschutz-Information gilt f\u00fcr die Datenverarbeitung &#8230;\" \/>\n<meta property=\"og:url\" content=\"https:\/\/www.musikhof.de\/?page_id=119\" \/>\n<meta property=\"og:site_name\" content=\"Musik Elektronik Werkstatt in N\u00fcrnberg\" \/>\n<meta property=\"article:modified_time\" content=\"2022-01-10T15:16:08+00:00\" \/>\n<meta name=\"twitter:card\" content=\"summary_large_image\" \/>\n<meta name=\"twitter:label1\" content=\"Gesch\u00e4tzte Lesezeit\" \/>\n\t<meta name=\"twitter:data1\" content=\"6\u00a0Minuten\" \/>\n<script type=\"application\/ld+json\" class=\"yoast-schema-graph\">{\"@context\":\"https:\\\/\\\/schema.org\",\"@graph\":[{\"@type\":\"WebPage\",\"@id\":\"https:\\\/\\\/www.musikhof.de\\\/?page_id=119\",\"url\":\"https:\\\/\\\/www.musikhof.de\\\/?page_id=119\",\"name\":\"Datenschutz - Musik Elektronik Werkstatt in N\u00fcrnberg\",\"isPartOf\":{\"@id\":\"https:\\\/\\\/www.musikhof.de\\\/#website\"},\"datePublished\":\"2020-03-23T12:30:36+00:00\",\"dateModified\":\"2022-01-10T15:16:08+00:00\",\"breadcrumb\":{\"@id\":\"https:\\\/\\\/www.musikhof.de\\\/?page_id=119#breadcrumb\"},\"inLanguage\":\"de\",\"potentialAction\":[{\"@type\":\"ReadAction\",\"target\":[\"https:\\\/\\\/www.musikhof.de\\\/?page_id=119\"]}]},{\"@type\":\"BreadcrumbList\",\"@id\":\"https:\\\/\\\/www.musikhof.de\\\/?page_id=119#breadcrumb\",\"itemListElement\":[{\"@type\":\"ListItem\",\"position\":1,\"name\":\"Home\",\"item\":\"https:\\\/\\\/www.musikhof.de\\\/\"},{\"@type\":\"ListItem\",\"position\":2,\"name\":\"Datenschutz\"}]},{\"@type\":\"WebSite\",\"@id\":\"https:\\\/\\\/www.musikhof.de\\\/#website\",\"url\":\"https:\\\/\\\/www.musikhof.de\\\/\",\"name\":\"Musik Elektronik Werkstatt in N\u00fcrnberg\",\"description\":\"Wir reparieren das........\",\"potentialAction\":[{\"@type\":\"SearchAction\",\"target\":{\"@type\":\"EntryPoint\",\"urlTemplate\":\"https:\\\/\\\/www.musikhof.de\\\/?s={search_term_string}\"},\"query-input\":{\"@type\":\"PropertyValueSpecification\",\"valueRequired\":true,\"valueName\":\"search_term_string\"}}],\"inLanguage\":\"de\"}]}<\/script>\n<!-- \/ Yoast SEO plugin. -->","yoast_head_json":{"title":"Datenschutz - Musik Elektronik Werkstatt in N\u00fcrnberg","robots":{"index":"index","follow":"follow","max-snippet":"max-snippet:-1","max-image-preview":"max-image-preview:large","max-video-preview":"max-video-preview:-1"},"canonical":"https:\/\/www.musikhof.de\/?page_id=119","og_locale":"de_DE","og_type":"article","og_title":"Datenschutz - Musik Elektronik Werkstatt in N\u00fcrnberg","og_description":"Impressum \/ Datenschutzerkl\u00e4rung 1. Name und Kontaktdaten des f\u00fcr die Verarbeitung Verantwortlichen sowie des betrieblichen Datenschutzbeauftragten Diese Datenschutz-Information gilt f\u00fcr die Datenverarbeitung &#8230;","og_url":"https:\/\/www.musikhof.de\/?page_id=119","og_site_name":"Musik Elektronik Werkstatt in N\u00fcrnberg","article_modified_time":"2022-01-10T15:16:08+00:00","twitter_card":"summary_large_image","twitter_misc":{"Gesch\u00e4tzte Lesezeit":"6\u00a0Minuten"},"schema":{"@context":"https:\/\/schema.org","@graph":[{"@type":"WebPage","@id":"https:\/\/www.musikhof.de\/?page_id=119","url":"https:\/\/www.musikhof.de\/?page_id=119","name":"Datenschutz - Musik Elektronik Werkstatt in N\u00fcrnberg","isPartOf":{"@id":"https:\/\/www.musikhof.de\/#website"},"datePublished":"2020-03-23T12:30:36+00:00","dateModified":"2022-01-10T15:16:08+00:00","breadcrumb":{"@id":"https:\/\/www.musikhof.de\/?page_id=119#breadcrumb"},"inLanguage":"de","potentialAction":[{"@type":"ReadAction","target":["https:\/\/www.musikhof.de\/?page_id=119"]}]},{"@type":"BreadcrumbList","@id":"https:\/\/www.musikhof.de\/?page_id=119#breadcrumb","itemListElement":[{"@type":"ListItem","position":1,"name":"Home","item":"https:\/\/www.musikhof.de\/"},{"@type":"ListItem","position":2,"name":"Datenschutz"}]},{"@type":"WebSite","@id":"https:\/\/www.musikhof.de\/#website","url":"https:\/\/www.musikhof.de\/","name":"Musik Elektronik Werkstatt in N\u00fcrnberg","description":"Wir reparieren das........","potentialAction":[{"@type":"SearchAction","target":{"@type":"EntryPoint","urlTemplate":"https:\/\/www.musikhof.de\/?s={search_term_string}"},"query-input":{"@type":"PropertyValueSpecification","valueRequired":true,"valueName":"search_term_string"}}],"inLanguage":"de"}]}},"_links":{"self":[{"href":"https:\/\/www.musikhof.de\/index.php?rest_route=\/wp\/v2\/pages\/119","targetHints":{"allow":["GET"]}}],"collection":[{"href":"https:\/\/www.musikhof.de\/index.php?rest_route=\/wp\/v2\/pages"}],"about":[{"href":"https:\/\/www.musikhof.de\/index.php?rest_route=\/wp\/v2\/types\/page"}],"author":[{"embeddable":true,"href":"https:\/\/www.musikhof.de\/index.php?rest_route=\/wp\/v2\/users\/1"}],"replies":[{"embeddable":true,"href":"https:\/\/www.musikhof.de\/index.php?rest_route=%2Fwp%2Fv2%2Fcomments&post=119"}],"version-history":[{"count":7,"href":"https:\/\/www.musikhof.de\/index.php?rest_route=\/wp\/v2\/pages\/119\/revisions"}],"predecessor-version":[{"id":155,"href":"https:\/\/www.musikhof.de\/index.php?rest_route=\/wp\/v2\/pages\/119\/revisions\/155"}],"wp:attachment":[{"href":"https:\/\/www.musikhof.de\/index.php?rest_route=%2Fwp%2Fv2%2Fmedia&parent=119"}],"curies":[{"name":"wp","href":"https:\/\/api.w.org\/{rel}","templated":true}]}}